{"id":44,"date":"2019-06-04T23:00:39","date_gmt":"2019-06-04T21:00:39","guid":{"rendered":"https:\/\/lamaisondeclaire.fr\/?page_id=44"},"modified":"2026-04-29T09:31:10","modified_gmt":"2026-04-29T07:31:10","slug":"tarifs","status":"publish","type":"page","link":"https:\/\/lamaisondeclaire.fr\/en\/tarifs\/","title":{"rendered":"Rates"},"content":{"rendered":"<div data-elementor-type=\"wp-post\" data-elementor-id=\"44\" class=\"elementor elementor-44\" data-elementor-post-type=\"page\">\n\t\t\t\t\t\t<section class=\"elementor-section elementor-top-section elementor-element elementor-element-dd8da2e elementor-section-height-min-height elementor-section-boxed elementor-section-height-default elementor-section-items-middle\" data-id=\"dd8da2e\" data-element_type=\"section\" data-e-type=\"section\" data-settings=\"{&quot;background_background&quot;:&quot;classic&quot;}\">\n\t\t\t\t\t\t\t<div class=\"elementor-background-overlay\"><\/div>\n\t\t\t\t\t\t\t<div class=\"elementor-container elementor-column-gap-default\">\n\t\t\t\t\t<div class=\"elementor-column elementor-col-100 elementor-top-column elementor-element elementor-element-c6b2244\" data-id=\"c6b2244\" data-element_type=\"column\" data-e-type=\"column\">\n\t\t\t<div class=\"elementor-widget-wrap elementor-element-populated\">\n\t\t\t\t\t\t<div class=\"elementor-element elementor-element-030fedf elementor-widget elementor-widget-heading\" data-id=\"030fedf\" data-element_type=\"widget\" data-e-type=\"widget\" data-widget_type=\"heading.default\">\n\t\t\t\t<div class=\"elementor-widget-container\">\n\t\t\t\t\t<h1 class=\"elementor-heading-title elementor-size-default\">Rates chambres d\u2019h\u00f4tes<\/h1>\t\t\t\t<\/div>\n\t\t\t\t<\/div>\n\t\t\t\t\t<\/div>\n\t\t<\/div>\n\t\t\t\t\t<\/div>\n\t\t<\/section>\n\t\t\t\t<section class=\"elementor-section elementor-top-section elementor-element elementor-element-13f7533 elementor-section-boxed elementor-section-height-default elementor-section-height-default\" data-id=\"13f7533\" data-element_type=\"section\" data-e-type=\"section\">\n\t\t\t\t\t\t<div class=\"elementor-container elementor-column-gap-default\">\n\t\t\t\t\t<div class=\"elementor-column elementor-col-100 elementor-top-column elementor-element elementor-element-d971159\" data-id=\"d971159\" data-element_type=\"column\" data-e-type=\"column\">\n\t\t\t<div class=\"elementor-widget-wrap elementor-element-populated\">\n\t\t\t\t\t\t<div class=\"elementor-element elementor-element-bd61714 elementor-widget elementor-widget-text-editor\" data-id=\"bd61714\" data-element_type=\"widget\" data-e-type=\"widget\" data-widget_type=\"text-editor.default\">\n\t\t\t\t<div class=\"elementor-widget-container\">\n\t\t\t\t\t\t\t\t\t<p class=\"Style23\" align=\"center\"><b><span style=\"font-family: Arial;\">Rates include breakfast.<\/span><\/b><\/p>\n<p align=\"center\"><span class=\"Style191\">Tables d&rsquo;h\u00f4tes (sur r\u00e9servation) : 35<span class=\"Style18\">&nbsp;28\u20ac \/person<\/span>&nbsp;(ap\u00e9ritif, vin et caf\u00e9 compris).&nbsp;<br>Enfants moins de 11 ans : 25\u20ac<br><\/span><\/p>\t\t\t\t\t\t\t\t<\/div>\n\t\t\t\t<\/div>\n\t\t\t\t<div class=\"elementor-element elementor-element-bae3a7e elementor-widget elementor-widget-text-editor\" data-id=\"bae3a7e\" data-element_type=\"widget\" data-e-type=\"widget\" data-widget_type=\"text-editor.default\">\n\t\t\t\t<div class=\"elementor-widget-container\">\n\t\t\t\t\t\t\t\t\t<p>A deposit is required: 25% of the total amount of the stay<\/p>\t\t\t\t\t\t\t\t<\/div>\n\t\t\t\t<\/div>\n\t\t\t\t<div class=\"elementor-element elementor-element-3f90f8f elementor-widget elementor-widget-heading\" data-id=\"3f90f8f\" data-element_type=\"widget\" data-e-type=\"widget\" data-widget_type=\"heading.default\">\n\t\t\t\t<div class=\"elementor-widget-container\">\n\t\t\t\t\t<span class=\"elementor-heading-title elementor-size-default\">Some useful information to know<\/span>\t\t\t\t<\/div>\n\t\t\t\t<\/div>\n\t\t\t\t<div class=\"elementor-element elementor-element-62edb8b elementor-widget elementor-widget-text-editor\" data-id=\"62edb8b\" data-element_type=\"widget\" data-e-type=\"widget\" data-widget_type=\"text-editor.default\">\n\t\t\t\t<div class=\"elementor-widget-container\">\n\t\t\t\t\t\t\t\t\t<p>Les chambres sont ouvertes toute l&rsquo;ann\u00e9e.<\/p><p><span style=\"font-family: Cabin, sans-serif; font-size: 14px; font-style: normal; font-variant-ligatures: normal; font-variant-caps: normal; font-weight: 900;\">Animals accepted under conditions: 5\u20ac per night for one animal.<\/span><\/p><p>The rooms are non-smoking.<\/p><p>Possibilit\u00e9s d&rsquo;abri pour les v\u00e9los.<\/p><p>Le salon est \u00e9quip\u00e9 d&rsquo;un micro ondes et d&rsquo;un r\u00e9frig\u00e9rateur.<\/p><p>La maison est \u00e9quip\u00e9e d&rsquo;une entr\u00e9e ind\u00e9pendante avec biblioth\u00e8que grillag\u00e9e.<\/p>\t\t\t\t\t\t\t\t<\/div>\n\t\t\t\t<\/div>\n\t\t\t\t<div class=\"elementor-element elementor-element-eb871ce elementor-widget elementor-widget-html\" data-id=\"eb871ce\" data-element_type=\"widget\" data-e-type=\"widget\" data-widget_type=\"html.default\">\n\t\t\t\t<div class=\"elementor-widget-container\">\n\t\t\t\t\t<table>\r\n  <tbody>\r\n    <tr>\r\n      <td>Rates per night, breakfast included<\/td>\r\n      <td>1 people<\/td>\r\n      <td>2 people<\/td>\r\n      <td>3 people<\/td>\r\n    <\/tr>\r\n    <tr>\r\n      <td>The Romantic<\/td>\r\n      <td>82\u20ac<\/td>\r\n      <td>90\u20ac<br\/>95\u20ac (<em>If two beds are occupied<\/em>)<\/td>\r\n      <td>115\u20ac<\/td>\r\n    <\/tr>\r\n    <tr>\r\n      <td>The Luminous<\/td>\r\n      <td>82\u20ac<\/td>\r\n      <td>95\u20ac<br\/>100\u20ac (<em>If two beds are occupied<\/em>)<\/td>\r\n      <td>125\u20ac<\/td>\r\n    <\/tr>\r\n    <tr>\r\n      <td>The Bucolic<\/td>\r\n      <td>70\u20ac<\/td>\r\n      <td>72\u20ac<\/td>\r\n      <td>&nbsp;<\/td>\r\n    <\/tr>\r\n    <tr>\r\n      <td>The white Queen<\/td>\r\n      <td>72\u20ac<\/td>\r\n      <td>80\u20ac<\/td>\r\n      <td>&nbsp;<\/td>\r\n    <\/tr>\r\n  <\/tbody>\r\n<\/table>\r\n\t\t\t\t<\/div>\n\t\t\t\t<\/div>\n\t\t\t\t\t<\/div>\n\t\t<\/div>\n\t\t\t\t\t<\/div>\n\t\t<\/section>\n\t\t\t\t<section class=\"elementor-section elementor-top-section elementor-element elementor-element-9bc927d elementor-section-boxed elementor-section-height-default elementor-section-height-default\" data-id=\"9bc927d\" data-element_type=\"section\" data-e-type=\"section\" data-settings=\"{&quot;background_background&quot;:&quot;classic&quot;}\">\n\t\t\t\t\t\t<div class=\"elementor-container elementor-column-gap-default\">\n\t\t\t\t\t<div class=\"elementor-column elementor-col-100 elementor-top-column elementor-element elementor-element-453cdd2\" data-id=\"453cdd2\" data-element_type=\"column\" data-e-type=\"column\">\n\t\t\t<div class=\"elementor-widget-wrap elementor-element-populated\">\n\t\t\t\t\t\t<div class=\"elementor-element elementor-element-edc2965 elementor-widget elementor-widget-heading\" data-id=\"edc2965\" data-element_type=\"widget\" data-e-type=\"widget\" data-widget_type=\"heading.default\">\n\t\t\t\t<div class=\"elementor-widget-container\">\n\t\t\t\t\t<h2 class=\"elementor-heading-title elementor-size-default\">Our rooms<\/h2>\t\t\t\t<\/div>\n\t\t\t\t<\/div>\n\t\t\t\t\t<\/div>\n\t\t<\/div>\n\t\t\t\t\t<\/div>\n\t\t<\/section>\n\t\t\t\t<section class=\"elementor-section elementor-inner-section elementor-element elementor-element-afa25b3 elementor-section-boxed elementor-section-height-default elementor-section-height-default\" data-id=\"afa25b3\" data-element_type=\"section\" data-e-type=\"section\" data-settings=\"{&quot;background_background&quot;:&quot;classic&quot;}\">\n\t\t\t\t\t\t<div class=\"elementor-container elementor-column-gap-default\">\n\t\t\t\t\t<div class=\"elementor-column elementor-col-25 elementor-inner-column elementor-element elementor-element-91ccc21\" data-id=\"91ccc21\" data-element_type=\"column\" data-e-type=\"column\">\n\t\t\t<div class=\"elementor-widget-wrap elementor-element-populated\">\n\t\t\t\t\t\t<div class=\"elementor-element elementor-element-0b376c6 elementor-cta--skin-classic elementor-animated-content elementor-bg-transform elementor-bg-transform-zoom-in elementor-widget elementor-widget-call-to-action\" data-id=\"0b376c6\" data-element_type=\"widget\" data-e-type=\"widget\" data-widget_type=\"call-to-action.default\">\n\t\t\t\t<div class=\"elementor-widget-container\">\n\t\t\t\t\t\t\t<a class=\"elementor-cta\" href=\"http:\/\/lamaisondeclaire.fr\/en\/chambres\/la-champetre\/\">\n\t\t\t\t\t<div class=\"elementor-cta__bg-wrapper\">\n\t\t\t\t<div class=\"elementor-cta__bg elementor-bg\" style=\"background-image: url(https:\/\/lamaisondeclaire.fr\/wp-content\/uploads\/2019\/09\/Photo-360-300x200.jpg);\" role=\"img\" aria-label=\"Photo 360\"><\/div>\n\t\t\t\t<div class=\"elementor-cta__bg-overlay\"><\/div>\n\t\t\t<\/div>\n\t\t\t\t\t\t\t<div class=\"elementor-cta__content\">\n\t\t\t\t\n\t\t\t\t\t\t\t\t\t<h3 class=\"elementor-cta__title elementor-cta__content-item elementor-content-item\">\n\t\t\t\t\t\tThe Bucolic\t\t\t\t\t<\/h3>\n\t\t\t\t\n\t\t\t\t\n\t\t\t\t\t\t\t<\/div>\n\t\t\t\t\t\t<\/a>\n\t\t\t\t\t\t<\/div>\n\t\t\t\t<\/div>\n\t\t\t\t\t<\/div>\n\t\t<\/div>\n\t\t\t\t<div class=\"elementor-column elementor-col-25 elementor-inner-column elementor-element elementor-element-97e5221\" data-id=\"97e5221\" data-element_type=\"column\" data-e-type=\"column\">\n\t\t\t<div class=\"elementor-widget-wrap elementor-element-populated\">\n\t\t\t\t\t\t<div class=\"elementor-element elementor-element-8c89802 elementor-cta--skin-classic elementor-animated-content elementor-bg-transform elementor-bg-transform-zoom-in elementor-widget elementor-widget-call-to-action\" data-id=\"8c89802\" data-element_type=\"widget\" data-e-type=\"widget\" data-widget_type=\"call-to-action.default\">\n\t\t\t\t<div class=\"elementor-widget-container\">\n\t\t\t\t\t\t\t<a class=\"elementor-cta\" href=\"http:\/\/lamaisondeclaire.fr\/en\/chambres\/la-reine-blanche\/\">\n\t\t\t\t\t<div class=\"elementor-cta__bg-wrapper\">\n\t\t\t\t<div class=\"elementor-cta__bg elementor-bg\" style=\"background-image: url(https:\/\/lamaisondeclaire.fr\/wp-content\/uploads\/2019\/09\/photos-la-reine-blanche-003-225x300.jpg);\" role=\"img\" aria-label=\"photos la reine blanche 003\"><\/div>\n\t\t\t\t<div class=\"elementor-cta__bg-overlay\"><\/div>\n\t\t\t<\/div>\n\t\t\t\t\t\t\t<div class=\"elementor-cta__content\">\n\t\t\t\t\n\t\t\t\t\t\t\t\t\t<h3 class=\"elementor-cta__title elementor-cta__content-item elementor-content-item\">\n\t\t\t\t\t\tThe white Queen\t\t\t\t\t<\/h3>\n\t\t\t\t\n\t\t\t\t\n\t\t\t\t\t\t\t<\/div>\n\t\t\t\t\t\t<\/a>\n\t\t\t\t\t\t<\/div>\n\t\t\t\t<\/div>\n\t\t\t\t\t<\/div>\n\t\t<\/div>\n\t\t\t\t<div class=\"elementor-column elementor-col-25 elementor-inner-column elementor-element elementor-element-90a072c\" data-id=\"90a072c\" data-element_type=\"column\" data-e-type=\"column\">\n\t\t\t<div class=\"elementor-widget-wrap elementor-element-populated\">\n\t\t\t\t\t\t<div class=\"elementor-element elementor-element-927734f elementor-cta--skin-classic elementor-animated-content elementor-bg-transform elementor-bg-transform-zoom-in elementor-widget elementor-widget-call-to-action\" data-id=\"927734f\" data-element_type=\"widget\" data-e-type=\"widget\" data-widget_type=\"call-to-action.default\">\n\t\t\t\t<div class=\"elementor-widget-container\">\n\t\t\t\t\t\t\t<a class=\"elementor-cta\" href=\"http:\/\/lamaisondeclaire.fr\/en\/chambres\/la-lumineuse\/\">\n\t\t\t\t\t<div class=\"elementor-cta__bg-wrapper\">\n\t\t\t\t<div class=\"elementor-cta__bg elementor-bg\" style=\"background-image: url(https:\/\/lamaisondeclaire.fr\/wp-content\/uploads\/2019\/09\/081-300x225.jpg);\" role=\"img\" aria-label=\"081\"><\/div>\n\t\t\t\t<div class=\"elementor-cta__bg-overlay\"><\/div>\n\t\t\t<\/div>\n\t\t\t\t\t\t\t<div class=\"elementor-cta__content\">\n\t\t\t\t\n\t\t\t\t\t\t\t\t\t<h3 class=\"elementor-cta__title elementor-cta__content-item elementor-content-item\">\n\t\t\t\t\t\tThe Luminous\t\t\t\t\t<\/h3>\n\t\t\t\t\n\t\t\t\t\n\t\t\t\t\t\t\t<\/div>\n\t\t\t\t\t\t<\/a>\n\t\t\t\t\t\t<\/div>\n\t\t\t\t<\/div>\n\t\t\t\t\t<\/div>\n\t\t<\/div>\n\t\t\t\t<div class=\"elementor-column elementor-col-25 elementor-inner-column elementor-element elementor-element-b2ce355\" data-id=\"b2ce355\" data-element_type=\"column\" data-e-type=\"column\">\n\t\t\t<div class=\"elementor-widget-wrap elementor-element-populated\">\n\t\t\t\t\t\t<div class=\"elementor-element elementor-element-b794691 elementor-cta--skin-classic elementor-animated-content elementor-bg-transform elementor-bg-transform-zoom-in elementor-widget elementor-widget-call-to-action\" data-id=\"b794691\" data-element_type=\"widget\" data-e-type=\"widget\" data-widget_type=\"call-to-action.default\">\n\t\t\t\t<div class=\"elementor-widget-container\">\n\t\t\t\t\t\t\t<a class=\"elementor-cta\" href=\"http:\/\/lamaisondeclaire.fr\/en\/chambres\/la-romantique\/\">\n\t\t\t\t\t<div class=\"elementor-cta__bg-wrapper\">\n\t\t\t\t<div class=\"elementor-cta__bg elementor-bg\" style=\"background-image: url(https:\/\/lamaisondeclaire.fr\/wp-content\/uploads\/2019\/08\/IMG_20190518_113511-300x225.jpg);\" role=\"img\" aria-label=\"IMG_20190518_113511\"><\/div>\n\t\t\t\t<div class=\"elementor-cta__bg-overlay\"><\/div>\n\t\t\t<\/div>\n\t\t\t\t\t\t\t<div class=\"elementor-cta__content\">\n\t\t\t\t\n\t\t\t\t\t\t\t\t\t<h3 class=\"elementor-cta__title elementor-cta__content-item elementor-content-item\">\n\t\t\t\t\t\tThe Romantic\t\t\t\t\t<\/h3>\n\t\t\t\t\n\t\t\t\t\n\t\t\t\t\t\t\t<\/div>\n\t\t\t\t\t\t<\/a>\n\t\t\t\t\t\t<\/div>\n\t\t\t\t<\/div>\n\t\t\t\t\t<\/div>\n\t\t<\/div>\n\t\t\t\t\t<\/div>\n\t\t<\/section>\n\t\t\t\t<section class=\"elementor-section elementor-top-section elementor-element elementor-element-f657bea elementor-section-boxed elementor-section-height-default elementor-section-height-default\" data-id=\"f657bea\" data-element_type=\"section\" data-e-type=\"section\">\n\t\t\t\t\t\t<div class=\"elementor-container elementor-column-gap-default\">\n\t\t\t\t\t<div class=\"elementor-column elementor-col-33 elementor-top-column elementor-element elementor-element-ce428d4\" data-id=\"ce428d4\" data-element_type=\"column\" data-e-type=\"column\">\n\t\t\t<div class=\"elementor-widget-wrap elementor-element-populated\">\n\t\t\t\t\t\t<div class=\"elementor-element elementor-element-cc5c866 elementor-position-top elementor-widget elementor-widget-image-box\" data-id=\"cc5c866\" data-element_type=\"widget\" data-e-type=\"widget\" data-widget_type=\"image-box.default\">\n\t\t\t\t<div class=\"elementor-widget-container\">\n\t\t\t\t\t<div class=\"elementor-image-box-wrapper\"><figure class=\"elementor-image-box-img\"><img fetchpriority=\"high\" decoding=\"async\" width=\"823\" height=\"604\" src=\"https:\/\/lamaisondeclaire.fr\/wp-content\/uploads\/2019\/06\/Logo-ANCV.jpg\" class=\"attachment-full size-full wp-image-138\" alt=\"\" srcset=\"https:\/\/lamaisondeclaire.fr\/wp-content\/uploads\/2019\/06\/Logo-ANCV.jpg 823w, https:\/\/lamaisondeclaire.fr\/wp-content\/uploads\/2019\/06\/Logo-ANCV-300x220.jpg 300w, https:\/\/lamaisondeclaire.fr\/wp-content\/uploads\/2019\/06\/Logo-ANCV-768x564.jpg 768w\" sizes=\"(max-width: 823px) 100vw, 823px\" \/><\/figure><div class=\"elementor-image-box-content\"><span class=\"elementor-image-box-title\">Accepted cheques<\/span><\/div><\/div>\t\t\t\t<\/div>\n\t\t\t\t<\/div>\n\t\t\t\t\t<\/div>\n\t\t<\/div>\n\t\t\t\t<div class=\"elementor-column elementor-col-33 elementor-top-column elementor-element elementor-element-65f7be9\" data-id=\"65f7be9\" data-element_type=\"column\" data-e-type=\"column\">\n\t\t\t<div class=\"elementor-widget-wrap elementor-element-populated\">\n\t\t\t\t\t\t<div class=\"elementor-element elementor-element-5bdc33c elementor-position-top elementor-widget elementor-widget-image-box\" data-id=\"5bdc33c\" data-element_type=\"widget\" data-e-type=\"widget\" data-widget_type=\"image-box.default\">\n\t\t\t\t<div class=\"elementor-widget-container\">\n\t\t\t\t\t<div class=\"elementor-image-box-wrapper\"><figure class=\"elementor-image-box-img\"><img decoding=\"async\" width=\"512\" height=\"512\" src=\"https:\/\/lamaisondeclaire.fr\/wp-content\/uploads\/2019\/07\/money.png\" class=\"attachment-full size-full wp-image-199\" alt=\"\" srcset=\"https:\/\/lamaisondeclaire.fr\/wp-content\/uploads\/2019\/07\/money.png 512w, https:\/\/lamaisondeclaire.fr\/wp-content\/uploads\/2019\/07\/money-150x150.png 150w, https:\/\/lamaisondeclaire.fr\/wp-content\/uploads\/2019\/07\/money-300x300.png 300w\" sizes=\"(max-width: 512px) 100vw, 512px\" \/><\/figure><div class=\"elementor-image-box-content\"><h3 class=\"elementor-image-box-title\">Bill<\/h3><\/div><\/div>\t\t\t\t<\/div>\n\t\t\t\t<\/div>\n\t\t\t\t\t<\/div>\n\t\t<\/div>\n\t\t\t\t<div class=\"elementor-column elementor-col-33 elementor-top-column elementor-element elementor-element-1888804\" data-id=\"1888804\" data-element_type=\"column\" data-e-type=\"column\">\n\t\t\t<div class=\"elementor-widget-wrap elementor-element-populated\">\n\t\t\t\t\t\t<div class=\"elementor-element elementor-element-f1e5e60 elementor-position-top elementor-widget elementor-widget-image-box\" data-id=\"f1e5e60\" data-element_type=\"widget\" data-e-type=\"widget\" data-widget_type=\"image-box.default\">\n\t\t\t\t<div class=\"elementor-widget-container\">\n\t\t\t\t\t<div class=\"elementor-image-box-wrapper\"><figure class=\"elementor-image-box-img\"><img decoding=\"async\" width=\"512\" height=\"512\" src=\"https:\/\/lamaisondeclaire.fr\/wp-content\/uploads\/2019\/07\/credit-cards-payment.png\" class=\"attachment-full size-full wp-image-198\" alt=\"\" srcset=\"https:\/\/lamaisondeclaire.fr\/wp-content\/uploads\/2019\/07\/credit-cards-payment.png 512w, https:\/\/lamaisondeclaire.fr\/wp-content\/uploads\/2019\/07\/credit-cards-payment-150x150.png 150w, https:\/\/lamaisondeclaire.fr\/wp-content\/uploads\/2019\/07\/credit-cards-payment-300x300.png 300w\" sizes=\"(max-width: 512px) 100vw, 512px\" \/><\/figure><div class=\"elementor-image-box-content\"><h3 class=\"elementor-image-box-title\">Bank transfer<\/h3><\/div><\/div>\t\t\t\t<\/div>\n\t\t\t\t<\/div>\n\t\t\t\t\t<\/div>\n\t\t<\/div>\n\t\t\t\t\t<\/div>\n\t\t<\/section>\n\t\t\t\t<\/div>","protected":false},"excerpt":{"rendered":"<p>Tarifs chambres d&rsquo;hotes Les tarifs comprennent les petits-d\u00e9jeuners. Tables d&rsquo;h\u00f4tes (sur r\u00e9servation) : 35&nbsp;euros par personne&nbsp;(ap\u00e9ritif, vin et caf\u00e9 compris).&nbsp;Enfants moins de 11 ans : 25\u20ac Un acompte est demand\u00e9 : 25% du montant du s\u00e9jour Quelques renseignements utiles \u00e0 conna\u00eetre : Les chambres sont ouvertes toute l&rsquo;ann\u00e9e. Animaux accept\u00e9s sous conditions : 5\u20ac par [&hellip;]<\/p>\n","protected":false},"author":1,"featured_media":0,"parent":0,"menu_order":0,"comment_status":"closed","ping_status":"closed","template":"elementor_header_footer","meta":{"footnotes":""},"class_list":["post-44","page","type-page","status-publish","hentry"],"_links":{"self":[{"href":"https:\/\/lamaisondeclaire.fr\/en\/wp-json\/wp\/v2\/pages\/44","targetHints":{"allow":["GET"]}}],"collection":[{"href":"https:\/\/lamaisondeclaire.fr\/en\/wp-json\/wp\/v2\/pages"}],"about":[{"href":"https:\/\/lamaisondeclaire.fr\/en\/wp-json\/wp\/v2\/types\/page"}],"author":[{"embeddable":true,"href":"https:\/\/lamaisondeclaire.fr\/en\/wp-json\/wp\/v2\/users\/1"}],"replies":[{"embeddable":true,"href":"https:\/\/lamaisondeclaire.fr\/en\/wp-json\/wp\/v2\/comments?post=44"}],"version-history":[{"count":69,"href":"https:\/\/lamaisondeclaire.fr\/en\/wp-json\/wp\/v2\/pages\/44\/revisions"}],"predecessor-version":[{"id":852,"href":"https:\/\/lamaisondeclaire.fr\/en\/wp-json\/wp\/v2\/pages\/44\/revisions\/852"}],"wp:attachment":[{"href":"https:\/\/lamaisondeclaire.fr\/en\/wp-json\/wp\/v2\/media?parent=44"}],"curies":[{"name":"wp","href":"https:\/\/api.w.org\/{rel}","templated":true}]}}