{"id":186,"date":"2019-06-25T11:25:38","date_gmt":"2019-06-25T09:25:38","guid":{"rendered":"https:\/\/lamaisondeclaire.fr\/?page_id=186"},"modified":"2019-11-20T17:33:13","modified_gmt":"2019-11-20T16:33:13","slug":"mentions-legales","status":"publish","type":"page","link":"https:\/\/lamaisondeclaire.fr\/en\/mentions-legales\/","title":{"rendered":"Mentions L\u00e9gales"},"content":{"rendered":"<div data-elementor-type=\"wp-post\" data-elementor-id=\"186\" class=\"elementor elementor-186\" data-elementor-post-type=\"page\">\n\t\t\t\t\t\t<section class=\"elementor-section elementor-top-section elementor-element elementor-element-540c0f9d elementor-section-boxed elementor-section-height-default elementor-section-height-default\" data-id=\"540c0f9d\" data-element_type=\"section\" data-e-type=\"section\">\n\t\t\t\t\t\t<div class=\"elementor-container elementor-column-gap-default\">\n\t\t\t\t\t<div class=\"elementor-column elementor-col-100 elementor-top-column elementor-element elementor-element-3d4e780b\" data-id=\"3d4e780b\" data-element_type=\"column\" data-e-type=\"column\">\n\t\t\t<div class=\"elementor-widget-wrap elementor-element-populated\">\n\t\t\t\t\t\t<div class=\"elementor-element elementor-element-8c6b55b elementor-widget elementor-widget-heading\" data-id=\"8c6b55b\" data-element_type=\"widget\" data-e-type=\"widget\" data-widget_type=\"heading.default\">\n\t\t\t\t<div class=\"elementor-widget-container\">\n\t\t\t\t\t<h1 class=\"elementor-heading-title elementor-size-default\">Mentions L\u00e9gales<\/h1>\t\t\t\t<\/div>\n\t\t\t\t<\/div>\n\t\t\t\t<div class=\"elementor-element elementor-element-967c56c elementor-widget elementor-widget-text-editor\" data-id=\"967c56c\" data-element_type=\"widget\" data-e-type=\"widget\" data-widget_type=\"text-editor.default\">\n\t\t\t\t<div class=\"elementor-widget-container\">\n\t\t\t\t\t\t\t\t\t\n<h2 class=\"wp-block-heading\">Editeur du site<\/h2>\n\n<p>Claire's House<br \/>2, rue du Couesnon<br \/>35560 Antrain\u00a0<\/p>\n\n<h2 class=\"wp-block-heading\"><strong>Conception et r\u00e9alisation<\/strong><\/h2>\n\n<p>Conception :\u00a0<a href=\"https:\/\/cyril-jouault.fr\/#utm_source=LMDC&amp;utm_medium=creaweb&amp;utm_campaign=pro\" target=\"_blank\" rel=\"noreferrer noopener\">Cyril JOUAULT<\/a><\/p>\n\n<p>Int\u00e9gration et d\u00e9veloppement : <a href=\"https:\/\/cyril-jouault.fr\/#utm_source=LMDC&amp;utm_medium=creaweb&amp;utm_campaign=pro\">Cyril JOUAULT<\/a><\/p>\n\n<h2 class=\"wp-block-heading\">H\u00e9bergement du site<\/h2>\n\n<p>OXITO<br \/>Chemin du D\u00e9vent 7 <br \/>CH-1024 Ecublens \u2013 Suisse.<\/p>\n\n<p><a href=\"https:\/\/www.oxito.com\/fr\/\" target=\"_blank\" rel=\"noreferrer noopener nofollow\" aria-label=\"oxito.com\/fr (ouverture dans un nouvel onglet)\">oxito.com\/fr<\/a><\/p>\n\n<h2 class=\"wp-block-heading\">Cr\u00e9dits photos\/vid\u00e9os<\/h2>\n\n<p>\u00a9 La Maison de Claire<\/p>\n\n<h2 class=\"wp-block-heading\">Dispositions l\u00e9gales<\/h2>\n\n<p>Les divers \u00e9l\u00e9ments du site web (la forme, la mise en page, le fond, la structure\u2026) sont prot\u00e9g\u00e9s par le droit des dessins et mod\u00e8les, le droit d\u2019auteur, le droit des marques ainsi que le droit \u00e0 l\u2019image et ils ne peuvent \u00eatre copi\u00e9s ou imit\u00e9s en tout ou partie sauf autorisation expresse de La Maisonde Claire. A titre principal, La Maison de Claire conc\u00e8de une autorisation de visualisation du contenu du site.\u00a0<br \/>Toute personne ne respectant pas les dispositions l\u00e9gales applicables se rend coupable du d\u00e9lit de contrefa\u00e7on et est passible des sanctions p\u00e9nales pr\u00e9vues par la loi. Les photographies, textes, logos, pictogrammes, ainsi que toutes \u0153uvres int\u00e9gr\u00e9s dans le site sont la propri\u00e9t\u00e9 de La Maison de Claire ou de tiers ayant autoris\u00e9 La Maison de Claire \u00e0 les utiliser. Les reproductions, les transmissions, les modifications, les r\u00e9utilisations, sur un support papier ou informatique, dudit site et des \u0153uvres qui y sont reproduites ne sont autoris\u00e9es que pour un usage personnel et priv\u00e9 conforme aux dispositions de l\u2019article L 122-5 du Code de la Propri\u00e9t\u00e9 Intellectuelle. Ces reproductions devront ainsi notamment indiquer clairement la source et l\u2019auteur du site et\/ou de ces \u0153uvres multim\u00e9dias.\u00a0<br \/>En aucun cas ces reproductions ne sauraient porter pr\u00e9judice aux droits des tiers.\u00a0<br \/>Les reproductions, les transmissions, les modifications, les r\u00e9utilisations \u00e0 des fins publicitaires, commerciales, ou d\u2019information, de tout ou partie du site, sont totalement interdites.<\/p>\n\n<h2 class=\"wp-block-heading\">Etablissements de liens<\/h2>\n\n<p>La Maison de Claire autorise la mise en place d\u2019un lien hypertexte pour tous les sites Internet, \u00e0 l\u2019exclusion de ceux diffusant des informations \u00e0 caract\u00e8re pol\u00e9mique, pornographique, x\u00e9nophobe ou pouvant, dans une plus large mesure porter atteinte \u00e0 la sensibilit\u00e9 du plus grand nombre.\u00a0<br \/>Le lien doit aboutir \u00e0 la page d\u2019accueil du site (index) et le site <a href=\"https:\/\/lamaisondeclaire.fr\/en\/\">lamaisondeclaire.fr<\/a> doit appara\u00eetre dans une nouvelle fen\u00eatre. Les pages du site\u00a0<a href=\"https:\/\/lamaisondeclaire.fr\/en\/\">lamaisondeclaire.fr <\/a>ne doivent en aucun cas \u00eatre int\u00e9gr\u00e9es \u00e0 l\u2019int\u00e9rieur des pages d\u2019un autre site (Frame). Sauf autorisation sp\u00e9cifique qui pourra \u00eatre accord\u00e9e au cas par cas, la technique du lien profond est totalement interdite.\u00a0<br \/>Dans tous les cas d\u2019esp\u00e8ce, La Maison de Claire se r\u00e9serve le droit de demander la suppression d\u2019un lien si il estime que le site cible ne respecte pas les r\u00e8gles ainsi d\u00e9finies.<\/p>\n\n<h2 class=\"wp-block-heading\">Liens vers des sites tiers<\/h2>\n\n<p>La Maison de Claire se r\u00e9serve le droit de \u2018pointer\u2019 vers des sites tiers. Acc\u00e9der \u00e0 ces liens vous font quitter le site lamaisondeclaire.fr. Les sites cibles ne sont pas sous le contr\u00f4le de La Maison de Claire, par cons\u00e9quent ce dernier n\u2019est pas responsable du contenu de ces sites, des liens qu\u2019ils contiennent ni des changements ou mises \u00e0 jour qui leur sont apport\u00e9s.<\/p>\n\t\t\t\t\t\t\t\t<\/div>\n\t\t\t\t<\/div>\n\t\t\t\t<div class=\"elementor-element elementor-element-aab6a0a elementor-widget elementor-widget-html\" data-id=\"aab6a0a\" data-element_type=\"widget\" data-e-type=\"widget\" data-widget_type=\"html.default\">\n\t\t\t\t<div class=\"elementor-widget-container\">\n\t\t\t\t\t<meta name=\"robots\" content=\"noindex, nofollow\">\t\t\t\t<\/div>\n\t\t\t\t<\/div>\n\t\t\t\t\t<\/div>\n\t\t<\/div>\n\t\t\t\t\t<\/div>\n\t\t<\/section>\n\t\t\t\t<\/div>","protected":false},"excerpt":{"rendered":"<p>Mentions L\u00e9gales Editeur du site La Maison de Claire2, rue du Couesnon35560 Antrain\u00a0 Conception et r\u00e9alisation Conception :\u00a0Cyril JOUAULT Int\u00e9gration et d\u00e9veloppement : Cyril JOUAULT H\u00e9bergement du site OXITOChemin du D\u00e9vent 7 CH-1024 Ecublens \u2013 Suisse. oxito.com\/fr Cr\u00e9dits photos\/vid\u00e9os \u00a9 La Maison de Claire Dispositions l\u00e9gales Les divers \u00e9l\u00e9ments du site web (la forme, la [&hellip;]<\/p>\n","protected":false},"author":1,"featured_media":0,"parent":0,"menu_order":0,"comment_status":"closed","ping_status":"closed","template":"elementor_header_footer","meta":{"footnotes":""},"class_list":["post-186","page","type-page","status-publish","hentry"],"_links":{"self":[{"href":"https:\/\/lamaisondeclaire.fr\/en\/wp-json\/wp\/v2\/pages\/186","targetHints":{"allow":["GET"]}}],"collection":[{"href":"https:\/\/lamaisondeclaire.fr\/en\/wp-json\/wp\/v2\/pages"}],"about":[{"href":"https:\/\/lamaisondeclaire.fr\/en\/wp-json\/wp\/v2\/types\/page"}],"author":[{"embeddable":true,"href":"https:\/\/lamaisondeclaire.fr\/en\/wp-json\/wp\/v2\/users\/1"}],"replies":[{"embeddable":true,"href":"https:\/\/lamaisondeclaire.fr\/en\/wp-json\/wp\/v2\/comments?post=186"}],"version-history":[{"count":9,"href":"https:\/\/lamaisondeclaire.fr\/en\/wp-json\/wp\/v2\/pages\/186\/revisions"}],"predecessor-version":[{"id":681,"href":"https:\/\/lamaisondeclaire.fr\/en\/wp-json\/wp\/v2\/pages\/186\/revisions\/681"}],"wp:attachment":[{"href":"https:\/\/lamaisondeclaire.fr\/en\/wp-json\/wp\/v2\/media?parent=186"}],"curies":[{"name":"wp","href":"https:\/\/api.w.org\/{rel}","templated":true}]}}